{"id":253,"date":"2026-02-04T12:46:51","date_gmt":"2026-02-04T12:46:51","guid":{"rendered":"https:\/\/amturci.rkinformatika.online\/?post_type=product&#038;p=253"},"modified":"2026-02-05T08:31:35","modified_gmt":"2026-02-05T08:31:35","slug":"fino-clasico","status":"publish","type":"product","link":"https:\/\/amturci.com\/en\/product\/fino-clasico\/","title":{"rendered":"Fino cl\u00e1sico"},"content":{"rendered":"<p>Cintur\u00f3n minimal y vers\u00e1til para marcar la cintura y elevar cualquier look (vaqueros, vestidos o pantal\u00f3n de vestir). Ajustable y con hebilla atemporal.<\/p>","protected":false},"excerpt":{"rendered":"<p>Cintur\u00f3n minimal y vers\u00e1til para marcar la cintura y elevar cualquier look (vaqueros, vestidos o pantal\u00f3n de vestir). Ajustable y con hebilla atemporal.<\/p>","protected":false},"featured_media":269,"comment_status":"open","ping_status":"closed","template":"","meta":[],"product_brand":[],"product_cat":[19,24],"product_tag":[],"class_list":{"0":"post-253","1":"product","2":"type-product","3":"status-publish","4":"has-post-thumbnail","6":"product_cat-accesorios","7":"product_cat-cinturones","9":"first","10":"instock","11":"shipping-taxable","12":"purchasable","13":"product-type-simple"},"yoast_head":"<!-- This site is optimized with the Yoast SEO plugin v27.3 - https:\/\/yoast.com\/product\/yoast-seo-wordpress\/ -->\n<title>Fino cl\u00e1sico - AM Turci<\/title>\n<meta name=\"robots\" content=\"index, follow, max-snippet:-1, max-image-preview:large, max-video-preview:-1\" \/>\n<link rel=\"canonical\" href=\"https:\/\/amturci.com\/en\/product\/fino-clasico\/\" \/>\n<meta property=\"og:locale\" content=\"en_GB\" \/>\n<meta property=\"og:type\" content=\"article\" \/>\n<meta property=\"og:title\" content=\"Fino cl\u00e1sico - AM Turci\" \/>\n<meta property=\"og:description\" content=\"Cintur\u00f3n minimal y vers\u00e1til para marcar la cintura y elevar cualquier look (vaqueros, vestidos o pantal\u00f3n de vestir). Ajustable y con hebilla atemporal.\" \/>\n<meta property=\"og:url\" content=\"https:\/\/amturci.com\/en\/product\/fino-clasico\/\" \/>\n<meta property=\"og:site_name\" content=\"AM Turci\" \/>\n<meta property=\"article:modified_time\" content=\"2026-02-05T08:31:35+00:00\" \/>\n<meta property=\"og:image\" content=\"https:\/\/amturci.com\/wp-content\/uploads\/2026\/02\/165c64bd-925c-438a-8b1a-0059ee48c674.png\" \/>\n\t<meta property=\"og:image:width\" content=\"1024\" \/>\n\t<meta property=\"og:image:height\" content=\"1024\" \/>\n\t<meta property=\"og:image:type\" content=\"image\/png\" \/>\n<meta name=\"twitter:card\" content=\"summary_large_image\" \/>\n<meta name=\"twitter:label1\" content=\"Estimated reading time\" \/>\n\t<meta name=\"twitter:data1\" content=\"1 minute\" \/>\n<script type=\"application\/ld+json\" class=\"yoast-schema-graph\">{\"@context\":\"https:\\\/\\\/schema.org\",\"@graph\":[{\"@type\":\"WebPage\",\"@id\":\"https:\\\/\\\/amturci.com\\\/producto\\\/fino-clasico\\\/\",\"url\":\"https:\\\/\\\/amturci.com\\\/producto\\\/fino-clasico\\\/\",\"name\":\"Fino cl\u00e1sico - AM Turci\",\"isPartOf\":{\"@id\":\"https:\\\/\\\/amturci.com\\\/#website\"},\"primaryImageOfPage\":{\"@id\":\"https:\\\/\\\/amturci.com\\\/producto\\\/fino-clasico\\\/#primaryimage\"},\"image\":{\"@id\":\"https:\\\/\\\/amturci.com\\\/producto\\\/fino-clasico\\\/#primaryimage\"},\"thumbnailUrl\":\"https:\\\/\\\/amturci.com\\\/wp-content\\\/uploads\\\/2026\\\/02\\\/165c64bd-925c-438a-8b1a-0059ee48c674.png\",\"datePublished\":\"2026-02-04T12:46:51+00:00\",\"dateModified\":\"2026-02-05T08:31:35+00:00\",\"breadcrumb\":{\"@id\":\"https:\\\/\\\/amturci.com\\\/producto\\\/fino-clasico\\\/#breadcrumb\"},\"inLanguage\":\"en-GB\",\"potentialAction\":[{\"@type\":\"ReadAction\",\"target\":[\"https:\\\/\\\/amturci.com\\\/producto\\\/fino-clasico\\\/\"]}]},{\"@type\":\"ImageObject\",\"inLanguage\":\"en-GB\",\"@id\":\"https:\\\/\\\/amturci.com\\\/producto\\\/fino-clasico\\\/#primaryimage\",\"url\":\"https:\\\/\\\/amturci.com\\\/wp-content\\\/uploads\\\/2026\\\/02\\\/165c64bd-925c-438a-8b1a-0059ee48c674.png\",\"contentUrl\":\"https:\\\/\\\/amturci.com\\\/wp-content\\\/uploads\\\/2026\\\/02\\\/165c64bd-925c-438a-8b1a-0059ee48c674.png\",\"width\":1024,\"height\":1024},{\"@type\":\"BreadcrumbList\",\"@id\":\"https:\\\/\\\/amturci.com\\\/producto\\\/fino-clasico\\\/#breadcrumb\",\"itemListElement\":[{\"@type\":\"ListItem\",\"position\":1,\"name\":\"Portada\",\"item\":\"https:\\\/\\\/amturci.com\\\/\"},{\"@type\":\"ListItem\",\"position\":2,\"name\":\"Tienda\",\"item\":\"https:\\\/\\\/amturci.com\\\/tienda\\\/\"},{\"@type\":\"ListItem\",\"position\":3,\"name\":\"Fino cl\u00e1sico\"}]},{\"@type\":\"WebSite\",\"@id\":\"https:\\\/\\\/amturci.com\\\/#website\",\"url\":\"https:\\\/\\\/amturci.com\\\/\",\"name\":\"AM Turci\",\"description\":\"\",\"publisher\":{\"@id\":\"https:\\\/\\\/amturci.com\\\/#organization\"},\"potentialAction\":[{\"@type\":\"SearchAction\",\"target\":{\"@type\":\"EntryPoint\",\"urlTemplate\":\"https:\\\/\\\/amturci.com\\\/?s={search_term_string}\"},\"query-input\":{\"@type\":\"PropertyValueSpecification\",\"valueRequired\":true,\"valueName\":\"search_term_string\"}}],\"inLanguage\":\"en-GB\"},{\"@type\":\"Organization\",\"@id\":\"https:\\\/\\\/amturci.com\\\/#organization\",\"name\":\"AM Turci\",\"url\":\"https:\\\/\\\/amturci.com\\\/\",\"logo\":{\"@type\":\"ImageObject\",\"inLanguage\":\"en-GB\",\"@id\":\"https:\\\/\\\/amturci.com\\\/#\\\/schema\\\/logo\\\/image\\\/\",\"url\":\"https:\\\/\\\/amturci.com\\\/wp-content\\\/uploads\\\/2026\\\/02\\\/cropped-amturci202511_logo_web.png\",\"contentUrl\":\"https:\\\/\\\/amturci.com\\\/wp-content\\\/uploads\\\/2026\\\/02\\\/cropped-amturci202511_logo_web.png\",\"width\":1080,\"height\":1080,\"caption\":\"AM Turci\"},\"image\":{\"@id\":\"https:\\\/\\\/amturci.com\\\/#\\\/schema\\\/logo\\\/image\\\/\"}}]}<\/script>\n<!-- \/ Yoast SEO plugin. -->","yoast_head_json":{"title":"Fino cl\u00e1sico - AM Turci","robots":{"index":"index","follow":"follow","max-snippet":"max-snippet:-1","max-image-preview":"max-image-preview:large","max-video-preview":"max-video-preview:-1"},"canonical":"https:\/\/amturci.com\/en\/product\/fino-clasico\/","og_locale":"en_GB","og_type":"article","og_title":"Fino cl\u00e1sico - AM Turci","og_description":"Cintur\u00f3n minimal y vers\u00e1til para marcar la cintura y elevar cualquier look (vaqueros, vestidos o pantal\u00f3n de vestir). Ajustable y con hebilla atemporal.","og_url":"https:\/\/amturci.com\/en\/product\/fino-clasico\/","og_site_name":"AM Turci","article_modified_time":"2026-02-05T08:31:35+00:00","og_image":[{"width":1024,"height":1024,"url":"https:\/\/amturci.com\/wp-content\/uploads\/2026\/02\/165c64bd-925c-438a-8b1a-0059ee48c674.png","type":"image\/png"}],"twitter_card":"summary_large_image","twitter_misc":{"Estimated reading time":"1 minute"},"schema":{"@context":"https:\/\/schema.org","@graph":[{"@type":"WebPage","@id":"https:\/\/amturci.com\/producto\/fino-clasico\/","url":"https:\/\/amturci.com\/producto\/fino-clasico\/","name":"Fino cl\u00e1sico - AM Turci","isPartOf":{"@id":"https:\/\/amturci.com\/#website"},"primaryImageOfPage":{"@id":"https:\/\/amturci.com\/producto\/fino-clasico\/#primaryimage"},"image":{"@id":"https:\/\/amturci.com\/producto\/fino-clasico\/#primaryimage"},"thumbnailUrl":"https:\/\/amturci.com\/wp-content\/uploads\/2026\/02\/165c64bd-925c-438a-8b1a-0059ee48c674.png","datePublished":"2026-02-04T12:46:51+00:00","dateModified":"2026-02-05T08:31:35+00:00","breadcrumb":{"@id":"https:\/\/amturci.com\/producto\/fino-clasico\/#breadcrumb"},"inLanguage":"en-GB","potentialAction":[{"@type":"ReadAction","target":["https:\/\/amturci.com\/producto\/fino-clasico\/"]}]},{"@type":"ImageObject","inLanguage":"en-GB","@id":"https:\/\/amturci.com\/producto\/fino-clasico\/#primaryimage","url":"https:\/\/amturci.com\/wp-content\/uploads\/2026\/02\/165c64bd-925c-438a-8b1a-0059ee48c674.png","contentUrl":"https:\/\/amturci.com\/wp-content\/uploads\/2026\/02\/165c64bd-925c-438a-8b1a-0059ee48c674.png","width":1024,"height":1024},{"@type":"BreadcrumbList","@id":"https:\/\/amturci.com\/producto\/fino-clasico\/#breadcrumb","itemListElement":[{"@type":"ListItem","position":1,"name":"Portada","item":"https:\/\/amturci.com\/"},{"@type":"ListItem","position":2,"name":"Tienda","item":"https:\/\/amturci.com\/tienda\/"},{"@type":"ListItem","position":3,"name":"Fino cl\u00e1sico"}]},{"@type":"WebSite","@id":"https:\/\/amturci.com\/#website","url":"https:\/\/amturci.com\/","name":"AM Turci","description":"","publisher":{"@id":"https:\/\/amturci.com\/#organization"},"potentialAction":[{"@type":"SearchAction","target":{"@type":"EntryPoint","urlTemplate":"https:\/\/amturci.com\/?s={search_term_string}"},"query-input":{"@type":"PropertyValueSpecification","valueRequired":true,"valueName":"search_term_string"}}],"inLanguage":"en-GB"},{"@type":"Organization","@id":"https:\/\/amturci.com\/#organization","name":"AM Turci","url":"https:\/\/amturci.com\/","logo":{"@type":"ImageObject","inLanguage":"en-GB","@id":"https:\/\/amturci.com\/#\/schema\/logo\/image\/","url":"https:\/\/amturci.com\/wp-content\/uploads\/2026\/02\/cropped-amturci202511_logo_web.png","contentUrl":"https:\/\/amturci.com\/wp-content\/uploads\/2026\/02\/cropped-amturci202511_logo_web.png","width":1080,"height":1080,"caption":"AM Turci"},"image":{"@id":"https:\/\/amturci.com\/#\/schema\/logo\/image\/"}}]}},"_links":{"self":[{"href":"https:\/\/amturci.com\/en\/wp-json\/wp\/v2\/product\/253","targetHints":{"allow":["GET"]}}],"collection":[{"href":"https:\/\/amturci.com\/en\/wp-json\/wp\/v2\/product"}],"about":[{"href":"https:\/\/amturci.com\/en\/wp-json\/wp\/v2\/types\/product"}],"replies":[{"embeddable":true,"href":"https:\/\/amturci.com\/en\/wp-json\/wp\/v2\/comments?post=253"}],"wp:featuredmedia":[{"embeddable":true,"href":"https:\/\/amturci.com\/en\/wp-json\/wp\/v2\/media\/269"}],"wp:attachment":[{"href":"https:\/\/amturci.com\/en\/wp-json\/wp\/v2\/media?parent=253"}],"wp:term":[{"taxonomy":"product_brand","embeddable":true,"href":"https:\/\/amturci.com\/en\/wp-json\/wp\/v2\/product_brand?post=253"},{"taxonomy":"product_cat","embeddable":true,"href":"https:\/\/amturci.com\/en\/wp-json\/wp\/v2\/product_cat?post=253"},{"taxonomy":"product_tag","embeddable":true,"href":"https:\/\/amturci.com\/en\/wp-json\/wp\/v2\/product_tag?post=253"}],"curies":[{"name":"wp","href":"https:\/\/api.w.org\/{rel}","templated":true}]}}