{"id":9,"date":"2026-02-04T10:14:40","date_gmt":"2026-02-04T10:14:40","guid":{"rendered":"https:\/\/amturci.rkinformatika.online\/?page_id=9"},"modified":"2026-02-04T14:32:47","modified_gmt":"2026-02-04T14:32:47","slug":"politica-de-reembolsos","status":"publish","type":"page","link":"https:\/\/amturci.com\/en\/politica-de-reembolsos\/","title":{"rendered":"Pol\u00edtica de Reembolsos"},"content":{"rendered":"<div data-elementor-type=\"wp-page\" data-elementor-id=\"9\" class=\"elementor elementor-9\" data-elementor-post-type=\"page\">\n\t\t\t\t<div class=\"elementor-element elementor-element-7089fb3 e-flex e-con-boxed e-con e-parent\" data-id=\"7089fb3\" data-element_type=\"container\" data-e-type=\"container\">\n\t\t\t\t\t<div class=\"e-con-inner\">\n\t\t\t\t<div class=\"elementor-element elementor-element-0ba1f63 elementor-widget elementor-widget-text-editor\" data-id=\"0ba1f63\" data-element_type=\"widget\" data-e-type=\"widget\" data-widget_type=\"text-editor.default\">\n\t\t\t\t\t\t\t\t\t<div class=\"shopify-policy__title\"><h2>POL\u00cdTICA DE REEMBOLSO<\/h2><\/div><div class=\"shopify-policy__body\"><div class=\"rte\"><h4><strong>Devoluciones<\/strong><\/h4><p>Nuestra pol\u00edtica dura\u00a0<strong>30 d\u00edas<\/strong>. Si han pasado 30 d\u00edas desde su compra, desafortunadamente no podemos ofrecerle un reembolso o cambio.<\/p><p>Para poder proceder a su devoluci\u00f3n, el art\u00edculo debe estar sin usar y en las mismas condiciones en que lo recibi\u00f3. As\u00ed como en su embalaje original.<\/p><p>Los productos perecederos, como los alimentos, no podr\u00e1n devolverse, a no ser que su motivo sea responsabilidad de la empresa.\u00a0<\/p><p>Art\u00edculos adicionales no retornables:<\/p><p>&#8211; Tarjetas de regalo<\/p><p><strong>Para completar su devoluci\u00f3n, requerimos un recibo o comprobante de compra.<\/strong><\/p><p><strong>No env\u00ede su compra de vuelta al fabricante.<\/strong><\/p><p><strong>Reembolsos (si corresponde)<\/strong><\/p><p>Una vez que se reciba e inspeccione su devoluci\u00f3n, le enviaremos un correo electr\u00f3nico para notificarle que hemos recibido su art\u00edculo devuelto. Tambi\u00e9n le notificaremos la aprobaci\u00f3n o rechazo de su reembolso.<\/p><p>Si es aprobado, su reembolso ser\u00e1 procesado y se\u00a0abonar\u00e1 autom\u00e1ticamente al m\u00e9todo de pago original, dentro de un cierto cantidad de d\u00edas<\/p><p><strong>Reembolsos tard\u00edos o faltantes (si corresponde)<\/strong><\/p><p>Si a\u00fan no ha recibido un reembolso, primero verifique su cuenta bancaria.<\/p><p>Luego comun\u00edquese con la compa\u00f1\u00eda de su tarjeta de cr\u00e9dito, puede pasar alg\u00fan tiempo antes de que su reembolso se publique oficialmente.<\/p><p>Si ha hecho todo esto y a\u00fan no ha recibido su reembolso, cont\u00e1ctenos en <b>anamariaamturci@gmail.com.<\/b><\/p><p><strong>Art\u00edculos en oferta (si corresponde)<\/strong><\/p><p>Solo se pueden reembolsar los art\u00edculos a precio regular, desafortunadamente los art\u00edculos en oferta no se pueden reembolsar.<\/p><p><strong>Intercambios (si corresponde)<\/strong><\/p><p>Solo reemplazamos los art\u00edculos si est\u00e1n defectuosos o da\u00f1ados (Por error de la empresa). Si necesita cambiarlo por el mismo art\u00edculo, env\u00edenos un correo electr\u00f3nico a<b>namariaamturci@gmail.com<\/b> y env\u00ede su art\u00edculo a: <strong>C. San Roque, 20, 41760 El Coronil, Sevilla, Espa\u00f1a.<\/strong><\/p><p><strong>Env\u00edo<\/strong><\/p><p>Para devolver su producto, debe enviarlo por correo a: <strong>C. San Roque, 20, 41760 El Coronil, Sevilla, Espa\u00f1a.<\/strong><\/p><p>Usted ser\u00e1 responsable de pagar sus propios costos de env\u00edo para devolver su art\u00edculo. Los gastos de env\u00edo no son reembolsables. Si recibe un reembolso, el costo del env\u00edo de devoluci\u00f3n se deducir\u00e1 de su reembolso.<\/p><p>Dependiendo de d\u00f3nde viva, el tiempo de entrega puede variar.<\/p><\/div><\/div>\t\t\t\t\t\t\t\t<\/div>\n\t\t\t\t\t<\/div>\n\t\t\t\t<\/div>\n\t\t\t\t<\/div>","protected":false},"excerpt":{"rendered":"<p>POL\u00cdTICA DE REEMBOLSO Devoluciones Nuestra pol\u00edtica dura\u00a030 d\u00edas. Si han pasado 30 d\u00edas desde su compra, desafortunadamente no podemos ofrecerle un reembolso o cambio. Para poder proceder a su devoluci\u00f3n, el art\u00edculo debe estar sin usar y en las mismas condiciones en que lo recibi\u00f3. As\u00ed como en su embalaje original. Los productos perecederos, como [&hellip;]<\/p>\n","protected":false},"author":1,"featured_media":0,"parent":0,"menu_order":0,"comment_status":"closed","ping_status":"closed","template":"elementor_canvas","meta":{"footnotes":""},"class_list":["post-9","page","type-page","status-publish","hentry"],"yoast_head":"<!-- This site is optimized with the Yoast SEO plugin v27.3 - https:\/\/yoast.com\/product\/yoast-seo-wordpress\/ -->\n<title>Pol\u00edtica de Reembolsos - AM Turci<\/title>\n<meta name=\"robots\" content=\"index, follow, max-snippet:-1, max-image-preview:large, max-video-preview:-1\" \/>\n<link rel=\"canonical\" href=\"https:\/\/amturci.com\/en\/politica-de-reembolsos\/\" \/>\n<meta property=\"og:locale\" content=\"en_GB\" \/>\n<meta property=\"og:type\" content=\"article\" \/>\n<meta property=\"og:title\" content=\"Pol\u00edtica de Reembolsos - AM Turci\" \/>\n<meta property=\"og:description\" content=\"POL\u00cdTICA DE REEMBOLSO Devoluciones Nuestra pol\u00edtica dura\u00a030 d\u00edas. Si han pasado 30 d\u00edas desde su compra, desafortunadamente no podemos ofrecerle un reembolso o cambio. Para poder proceder a su devoluci\u00f3n, el art\u00edculo debe estar sin usar y en las mismas condiciones en que lo recibi\u00f3. As\u00ed como en su embalaje original. Los productos perecederos, como [&hellip;]\" \/>\n<meta property=\"og:url\" content=\"https:\/\/amturci.com\/en\/politica-de-reembolsos\/\" \/>\n<meta property=\"og:site_name\" content=\"AM Turci\" \/>\n<meta property=\"article:modified_time\" content=\"2026-02-04T14:32:47+00:00\" \/>\n<meta name=\"twitter:card\" content=\"summary_large_image\" \/>\n<meta name=\"twitter:label1\" content=\"Estimated reading time\" \/>\n\t<meta name=\"twitter:data1\" content=\"2 minutes\" \/>\n<script type=\"application\/ld+json\" class=\"yoast-schema-graph\">{\"@context\":\"https:\\\/\\\/schema.org\",\"@graph\":[{\"@type\":\"WebPage\",\"@id\":\"https:\\\/\\\/amturci.com\\\/politica-de-reembolsos\\\/\",\"url\":\"https:\\\/\\\/amturci.com\\\/politica-de-reembolsos\\\/\",\"name\":\"Pol\u00edtica de Reembolsos - AM Turci\",\"isPartOf\":{\"@id\":\"https:\\\/\\\/amturci.com\\\/#website\"},\"datePublished\":\"2026-02-04T10:14:40+00:00\",\"dateModified\":\"2026-02-04T14:32:47+00:00\",\"breadcrumb\":{\"@id\":\"https:\\\/\\\/amturci.com\\\/politica-de-reembolsos\\\/#breadcrumb\"},\"inLanguage\":\"en-GB\",\"potentialAction\":[{\"@type\":\"ReadAction\",\"target\":[\"https:\\\/\\\/amturci.com\\\/politica-de-reembolsos\\\/\"]}]},{\"@type\":\"BreadcrumbList\",\"@id\":\"https:\\\/\\\/amturci.com\\\/politica-de-reembolsos\\\/#breadcrumb\",\"itemListElement\":[{\"@type\":\"ListItem\",\"position\":1,\"name\":\"Portada\",\"item\":\"https:\\\/\\\/amturci.com\\\/\"},{\"@type\":\"ListItem\",\"position\":2,\"name\":\"Pol\u00edtica de Reembolsos\"}]},{\"@type\":\"WebSite\",\"@id\":\"https:\\\/\\\/amturci.com\\\/#website\",\"url\":\"https:\\\/\\\/amturci.com\\\/\",\"name\":\"AM Turci\",\"description\":\"\",\"publisher\":{\"@id\":\"https:\\\/\\\/amturci.com\\\/#organization\"},\"potentialAction\":[{\"@type\":\"SearchAction\",\"target\":{\"@type\":\"EntryPoint\",\"urlTemplate\":\"https:\\\/\\\/amturci.com\\\/?s={search_term_string}\"},\"query-input\":{\"@type\":\"PropertyValueSpecification\",\"valueRequired\":true,\"valueName\":\"search_term_string\"}}],\"inLanguage\":\"en-GB\"},{\"@type\":\"Organization\",\"@id\":\"https:\\\/\\\/amturci.com\\\/#organization\",\"name\":\"AM Turci\",\"url\":\"https:\\\/\\\/amturci.com\\\/\",\"logo\":{\"@type\":\"ImageObject\",\"inLanguage\":\"en-GB\",\"@id\":\"https:\\\/\\\/amturci.com\\\/#\\\/schema\\\/logo\\\/image\\\/\",\"url\":\"https:\\\/\\\/amturci.com\\\/wp-content\\\/uploads\\\/2026\\\/02\\\/cropped-amturci202511_logo_web.png\",\"contentUrl\":\"https:\\\/\\\/amturci.com\\\/wp-content\\\/uploads\\\/2026\\\/02\\\/cropped-amturci202511_logo_web.png\",\"width\":1080,\"height\":1080,\"caption\":\"AM Turci\"},\"image\":{\"@id\":\"https:\\\/\\\/amturci.com\\\/#\\\/schema\\\/logo\\\/image\\\/\"}}]}<\/script>\n<!-- \/ Yoast SEO plugin. -->","yoast_head_json":{"title":"Pol\u00edtica de Reembolsos - AM Turci","robots":{"index":"index","follow":"follow","max-snippet":"max-snippet:-1","max-image-preview":"max-image-preview:large","max-video-preview":"max-video-preview:-1"},"canonical":"https:\/\/amturci.com\/en\/politica-de-reembolsos\/","og_locale":"en_GB","og_type":"article","og_title":"Pol\u00edtica de Reembolsos - AM Turci","og_description":"POL\u00cdTICA DE REEMBOLSO Devoluciones Nuestra pol\u00edtica dura\u00a030 d\u00edas. Si han pasado 30 d\u00edas desde su compra, desafortunadamente no podemos ofrecerle un reembolso o cambio. Para poder proceder a su devoluci\u00f3n, el art\u00edculo debe estar sin usar y en las mismas condiciones en que lo recibi\u00f3. As\u00ed como en su embalaje original. Los productos perecederos, como [&hellip;]","og_url":"https:\/\/amturci.com\/en\/politica-de-reembolsos\/","og_site_name":"AM Turci","article_modified_time":"2026-02-04T14:32:47+00:00","twitter_card":"summary_large_image","twitter_misc":{"Estimated reading time":"2 minutes"},"schema":{"@context":"https:\/\/schema.org","@graph":[{"@type":"WebPage","@id":"https:\/\/amturci.com\/politica-de-reembolsos\/","url":"https:\/\/amturci.com\/politica-de-reembolsos\/","name":"Pol\u00edtica de Reembolsos - AM Turci","isPartOf":{"@id":"https:\/\/amturci.com\/#website"},"datePublished":"2026-02-04T10:14:40+00:00","dateModified":"2026-02-04T14:32:47+00:00","breadcrumb":{"@id":"https:\/\/amturci.com\/politica-de-reembolsos\/#breadcrumb"},"inLanguage":"en-GB","potentialAction":[{"@type":"ReadAction","target":["https:\/\/amturci.com\/politica-de-reembolsos\/"]}]},{"@type":"BreadcrumbList","@id":"https:\/\/amturci.com\/politica-de-reembolsos\/#breadcrumb","itemListElement":[{"@type":"ListItem","position":1,"name":"Portada","item":"https:\/\/amturci.com\/"},{"@type":"ListItem","position":2,"name":"Pol\u00edtica de Reembolsos"}]},{"@type":"WebSite","@id":"https:\/\/amturci.com\/#website","url":"https:\/\/amturci.com\/","name":"AM Turci","description":"","publisher":{"@id":"https:\/\/amturci.com\/#organization"},"potentialAction":[{"@type":"SearchAction","target":{"@type":"EntryPoint","urlTemplate":"https:\/\/amturci.com\/?s={search_term_string}"},"query-input":{"@type":"PropertyValueSpecification","valueRequired":true,"valueName":"search_term_string"}}],"inLanguage":"en-GB"},{"@type":"Organization","@id":"https:\/\/amturci.com\/#organization","name":"AM Turci","url":"https:\/\/amturci.com\/","logo":{"@type":"ImageObject","inLanguage":"en-GB","@id":"https:\/\/amturci.com\/#\/schema\/logo\/image\/","url":"https:\/\/amturci.com\/wp-content\/uploads\/2026\/02\/cropped-amturci202511_logo_web.png","contentUrl":"https:\/\/amturci.com\/wp-content\/uploads\/2026\/02\/cropped-amturci202511_logo_web.png","width":1080,"height":1080,"caption":"AM Turci"},"image":{"@id":"https:\/\/amturci.com\/#\/schema\/logo\/image\/"}}]}},"_links":{"self":[{"href":"https:\/\/amturci.com\/en\/wp-json\/wp\/v2\/pages\/9","targetHints":{"allow":["GET"]}}],"collection":[{"href":"https:\/\/amturci.com\/en\/wp-json\/wp\/v2\/pages"}],"about":[{"href":"https:\/\/amturci.com\/en\/wp-json\/wp\/v2\/types\/page"}],"author":[{"embeddable":true,"href":"https:\/\/amturci.com\/en\/wp-json\/wp\/v2\/users\/1"}],"replies":[{"embeddable":true,"href":"https:\/\/amturci.com\/en\/wp-json\/wp\/v2\/comments?post=9"}],"version-history":[{"count":6,"href":"https:\/\/amturci.com\/en\/wp-json\/wp\/v2\/pages\/9\/revisions"}],"predecessor-version":[{"id":398,"href":"https:\/\/amturci.com\/en\/wp-json\/wp\/v2\/pages\/9\/revisions\/398"}],"wp:attachment":[{"href":"https:\/\/amturci.com\/en\/wp-json\/wp\/v2\/media?parent=9"}],"curies":[{"name":"wp","href":"https:\/\/api.w.org\/{rel}","templated":true}]}}