{"id":42,"date":"2026-02-04T10:22:17","date_gmt":"2026-02-04T10:22:17","guid":{"rendered":"https:\/\/amturci.rkinformatika.online\/?page_id=42"},"modified":"2026-02-04T13:59:31","modified_gmt":"2026-02-04T13:59:31","slug":"politicas-de-envio","status":"publish","type":"page","link":"https:\/\/amturci.com\/en\/politicas-de-envio\/","title":{"rendered":"Pol\u00edticas de Envio"},"content":{"rendered":"<div data-elementor-type=\"wp-page\" data-elementor-id=\"42\" class=\"elementor elementor-42\" data-elementor-post-type=\"page\">\n\t\t\t\t<div class=\"elementor-element elementor-element-fdcfdd5 e-flex e-con-boxed e-con e-parent\" data-id=\"fdcfdd5\" data-element_type=\"container\" data-e-type=\"container\">\n\t\t\t\t\t<div class=\"e-con-inner\">\n\t\t\t\t<div class=\"elementor-element elementor-element-2d85aed elementor-widget elementor-widget-text-editor\" data-id=\"2d85aed\" data-element_type=\"widget\" data-e-type=\"widget\" data-widget_type=\"text-editor.default\">\n\t\t\t\t\t\t\t\t\t<h2 class=\"western\" align=\"justify\"><strong><b>Pol\u00edtica de env\u00edo<\/b><\/strong><\/h2><p><strong>\u00bfCu\u00e1ndo ser\u00e1 procesado mi pedido?<\/strong><\/p><p>Todos los pedidos se manejan y se env\u00edan desde nuestra tienda en <strong>C. San Roque, 20, 41760 El Coronil, Sevilla, Espa\u00f1a.<\/strong>\u00a0Por favor, espere un tiempo adicional para que su pedido sea procesado durante las vacaciones y las temporadas de rebajas. Procesamos pedidos de lunes a viernes. Los pedidos se procesar\u00e1n dentro de 3-5 d\u00edas h\u00e1biles a partir de la fecha del pedido y se enviar\u00e1n al d\u00eda siguiente despu\u00e9s del d\u00eda de procesamiento. Tenga en cuenta que no enviamos los fines de semana.\u00a0<\/p><p><strong>\u00bfCu\u00e1nto tiempo llevar\u00e1 recibir mi pedido?<\/strong><\/p><p>Una vez que realice su pedido, espere de 3 a 5 d\u00edas h\u00e1biles para procesar sus pedidos.<\/p>\t\t\t\t\t\t\t\t<\/div>\n\t\t\t\t\t<\/div>\n\t\t\t\t<\/div>\n\t\t\t\t<\/div>","protected":false},"excerpt":{"rendered":"<p>Pol\u00edtica de env\u00edo \u00bfCu\u00e1ndo ser\u00e1 procesado mi pedido? Todos los pedidos se manejan y se env\u00edan desde nuestra tienda en C. San Roque, 20, 41760 El Coronil, Sevilla, Espa\u00f1a.\u00a0Por favor, espere un tiempo adicional para que su pedido sea procesado durante las vacaciones y las temporadas de rebajas. Procesamos pedidos de lunes a viernes. Los [&hellip;]<\/p>\n","protected":false},"author":1,"featured_media":0,"parent":0,"menu_order":0,"comment_status":"closed","ping_status":"closed","template":"elementor_canvas","meta":{"footnotes":""},"class_list":["post-42","page","type-page","status-publish","hentry"],"yoast_head":"<!-- This site is optimized with the Yoast SEO plugin v27.3 - https:\/\/yoast.com\/product\/yoast-seo-wordpress\/ -->\n<title>Pol\u00edticas de Envio - AM Turci<\/title>\n<meta name=\"robots\" content=\"index, follow, max-snippet:-1, max-image-preview:large, max-video-preview:-1\" \/>\n<link rel=\"canonical\" href=\"https:\/\/amturci.com\/en\/politicas-de-envio\/\" \/>\n<meta property=\"og:locale\" content=\"en_GB\" \/>\n<meta property=\"og:type\" content=\"article\" \/>\n<meta property=\"og:title\" content=\"Pol\u00edticas de Envio - AM Turci\" \/>\n<meta property=\"og:description\" content=\"Pol\u00edtica de env\u00edo \u00bfCu\u00e1ndo ser\u00e1 procesado mi pedido? Todos los pedidos se manejan y se env\u00edan desde nuestra tienda en C. San Roque, 20, 41760 El Coronil, Sevilla, Espa\u00f1a.\u00a0Por favor, espere un tiempo adicional para que su pedido sea procesado durante las vacaciones y las temporadas de rebajas. Procesamos pedidos de lunes a viernes. Los [&hellip;]\" \/>\n<meta property=\"og:url\" content=\"https:\/\/amturci.com\/en\/politicas-de-envio\/\" \/>\n<meta property=\"og:site_name\" content=\"AM Turci\" \/>\n<meta property=\"article:modified_time\" content=\"2026-02-04T13:59:31+00:00\" \/>\n<meta name=\"twitter:card\" content=\"summary_large_image\" \/>\n<meta name=\"twitter:label1\" content=\"Estimated reading time\" \/>\n\t<meta name=\"twitter:data1\" content=\"1 minute\" \/>\n<script type=\"application\/ld+json\" class=\"yoast-schema-graph\">{\"@context\":\"https:\\\/\\\/schema.org\",\"@graph\":[{\"@type\":\"WebPage\",\"@id\":\"https:\\\/\\\/amturci.com\\\/politicas-de-envio\\\/\",\"url\":\"https:\\\/\\\/amturci.com\\\/politicas-de-envio\\\/\",\"name\":\"Pol\u00edticas de Envio - AM Turci\",\"isPartOf\":{\"@id\":\"https:\\\/\\\/amturci.com\\\/#website\"},\"datePublished\":\"2026-02-04T10:22:17+00:00\",\"dateModified\":\"2026-02-04T13:59:31+00:00\",\"breadcrumb\":{\"@id\":\"https:\\\/\\\/amturci.com\\\/politicas-de-envio\\\/#breadcrumb\"},\"inLanguage\":\"en-GB\",\"potentialAction\":[{\"@type\":\"ReadAction\",\"target\":[\"https:\\\/\\\/amturci.com\\\/politicas-de-envio\\\/\"]}]},{\"@type\":\"BreadcrumbList\",\"@id\":\"https:\\\/\\\/amturci.com\\\/politicas-de-envio\\\/#breadcrumb\",\"itemListElement\":[{\"@type\":\"ListItem\",\"position\":1,\"name\":\"Portada\",\"item\":\"https:\\\/\\\/amturci.com\\\/\"},{\"@type\":\"ListItem\",\"position\":2,\"name\":\"Pol\u00edticas de Envio\"}]},{\"@type\":\"WebSite\",\"@id\":\"https:\\\/\\\/amturci.com\\\/#website\",\"url\":\"https:\\\/\\\/amturci.com\\\/\",\"name\":\"AM Turci\",\"description\":\"\",\"publisher\":{\"@id\":\"https:\\\/\\\/amturci.com\\\/#organization\"},\"potentialAction\":[{\"@type\":\"SearchAction\",\"target\":{\"@type\":\"EntryPoint\",\"urlTemplate\":\"https:\\\/\\\/amturci.com\\\/?s={search_term_string}\"},\"query-input\":{\"@type\":\"PropertyValueSpecification\",\"valueRequired\":true,\"valueName\":\"search_term_string\"}}],\"inLanguage\":\"en-GB\"},{\"@type\":\"Organization\",\"@id\":\"https:\\\/\\\/amturci.com\\\/#organization\",\"name\":\"AM Turci\",\"url\":\"https:\\\/\\\/amturci.com\\\/\",\"logo\":{\"@type\":\"ImageObject\",\"inLanguage\":\"en-GB\",\"@id\":\"https:\\\/\\\/amturci.com\\\/#\\\/schema\\\/logo\\\/image\\\/\",\"url\":\"https:\\\/\\\/amturci.com\\\/wp-content\\\/uploads\\\/2026\\\/02\\\/cropped-amturci202511_logo_web.png\",\"contentUrl\":\"https:\\\/\\\/amturci.com\\\/wp-content\\\/uploads\\\/2026\\\/02\\\/cropped-amturci202511_logo_web.png\",\"width\":1080,\"height\":1080,\"caption\":\"AM Turci\"},\"image\":{\"@id\":\"https:\\\/\\\/amturci.com\\\/#\\\/schema\\\/logo\\\/image\\\/\"}}]}<\/script>\n<!-- \/ Yoast SEO plugin. -->","yoast_head_json":{"title":"Pol\u00edticas de Envio - AM Turci","robots":{"index":"index","follow":"follow","max-snippet":"max-snippet:-1","max-image-preview":"max-image-preview:large","max-video-preview":"max-video-preview:-1"},"canonical":"https:\/\/amturci.com\/en\/politicas-de-envio\/","og_locale":"en_GB","og_type":"article","og_title":"Pol\u00edticas de Envio - AM Turci","og_description":"Pol\u00edtica de env\u00edo \u00bfCu\u00e1ndo ser\u00e1 procesado mi pedido? Todos los pedidos se manejan y se env\u00edan desde nuestra tienda en C. San Roque, 20, 41760 El Coronil, Sevilla, Espa\u00f1a.\u00a0Por favor, espere un tiempo adicional para que su pedido sea procesado durante las vacaciones y las temporadas de rebajas. Procesamos pedidos de lunes a viernes. Los [&hellip;]","og_url":"https:\/\/amturci.com\/en\/politicas-de-envio\/","og_site_name":"AM Turci","article_modified_time":"2026-02-04T13:59:31+00:00","twitter_card":"summary_large_image","twitter_misc":{"Estimated reading time":"1 minute"},"schema":{"@context":"https:\/\/schema.org","@graph":[{"@type":"WebPage","@id":"https:\/\/amturci.com\/politicas-de-envio\/","url":"https:\/\/amturci.com\/politicas-de-envio\/","name":"Pol\u00edticas de Envio - AM Turci","isPartOf":{"@id":"https:\/\/amturci.com\/#website"},"datePublished":"2026-02-04T10:22:17+00:00","dateModified":"2026-02-04T13:59:31+00:00","breadcrumb":{"@id":"https:\/\/amturci.com\/politicas-de-envio\/#breadcrumb"},"inLanguage":"en-GB","potentialAction":[{"@type":"ReadAction","target":["https:\/\/amturci.com\/politicas-de-envio\/"]}]},{"@type":"BreadcrumbList","@id":"https:\/\/amturci.com\/politicas-de-envio\/#breadcrumb","itemListElement":[{"@type":"ListItem","position":1,"name":"Portada","item":"https:\/\/amturci.com\/"},{"@type":"ListItem","position":2,"name":"Pol\u00edticas de Envio"}]},{"@type":"WebSite","@id":"https:\/\/amturci.com\/#website","url":"https:\/\/amturci.com\/","name":"AM Turci","description":"","publisher":{"@id":"https:\/\/amturci.com\/#organization"},"potentialAction":[{"@type":"SearchAction","target":{"@type":"EntryPoint","urlTemplate":"https:\/\/amturci.com\/?s={search_term_string}"},"query-input":{"@type":"PropertyValueSpecification","valueRequired":true,"valueName":"search_term_string"}}],"inLanguage":"en-GB"},{"@type":"Organization","@id":"https:\/\/amturci.com\/#organization","name":"AM Turci","url":"https:\/\/amturci.com\/","logo":{"@type":"ImageObject","inLanguage":"en-GB","@id":"https:\/\/amturci.com\/#\/schema\/logo\/image\/","url":"https:\/\/amturci.com\/wp-content\/uploads\/2026\/02\/cropped-amturci202511_logo_web.png","contentUrl":"https:\/\/amturci.com\/wp-content\/uploads\/2026\/02\/cropped-amturci202511_logo_web.png","width":1080,"height":1080,"caption":"AM Turci"},"image":{"@id":"https:\/\/amturci.com\/#\/schema\/logo\/image\/"}}]}},"_links":{"self":[{"href":"https:\/\/amturci.com\/en\/wp-json\/wp\/v2\/pages\/42","targetHints":{"allow":["GET"]}}],"collection":[{"href":"https:\/\/amturci.com\/en\/wp-json\/wp\/v2\/pages"}],"about":[{"href":"https:\/\/amturci.com\/en\/wp-json\/wp\/v2\/types\/page"}],"author":[{"embeddable":true,"href":"https:\/\/amturci.com\/en\/wp-json\/wp\/v2\/users\/1"}],"replies":[{"embeddable":true,"href":"https:\/\/amturci.com\/en\/wp-json\/wp\/v2\/comments?post=42"}],"version-history":[{"count":10,"href":"https:\/\/amturci.com\/en\/wp-json\/wp\/v2\/pages\/42\/revisions"}],"predecessor-version":[{"id":380,"href":"https:\/\/amturci.com\/en\/wp-json\/wp\/v2\/pages\/42\/revisions\/380"}],"wp:attachment":[{"href":"https:\/\/amturci.com\/en\/wp-json\/wp\/v2\/media?parent=42"}],"curies":[{"name":"wp","href":"https:\/\/api.w.org\/{rel}","templated":true}]}}